{"id":51,"date":"2019-02-05T18:56:19","date_gmt":"2019-02-05T17:56:19","guid":{"rendered":"http:\/\/eric-huchon.be\/?page_id=51"},"modified":"2023-04-19T16:13:08","modified_gmt":"2023-04-19T14:13:08","slug":"cv","status":"publish","type":"page","link":"http:\/\/eric-huchon.be\/index.php\/cv\/","title":{"rendered":"CV"},"content":{"rendered":"\n<h2 class=\"wp-block-heading\">Expositions<\/h2>\n\n\n\n<p class=\"has-large-font-size\">2023<\/p>\n\n\n\n<ul>\n<li><strong>Leuze en Hainaut, (B), Centre Dramatique du Hainaut Occidental (CDHO),<\/strong> le 30 Avril.<br>Exposition dans le th\u00e9\u00e2tre dans le cadre de Leuze-en-Folie. <\/li>\n\n\n\n<li><strong>Ath, (B), Grand Voyage @ La Petite Histoire<\/strong>, du 20 au 29 Janvier.<br>Exposition dans le g\u00eete Athois &lsquo;La Petite Histoire&rsquo;<br>23, Rue de Brantignies, 7800 Ath<br><a href=\"https:\/\/www.lapetitehistoire.be\/\">https:\/\/www.lapetitehistoire.be\/<\/a><\/li>\n<\/ul>\n\n\n\n<p style=\"font-size:22px\">2021<\/p>\n\n\n\n<ul>\n<li><strong>Roubaix, (F), Le Camion, Exposition C\u00e9ramique et Peinture<\/strong>, du 01 au 30 Octobre, <br>Exposition de la c\u00e9ramiste Carmen Georgescu (RO) et du peintre Eric Huchon (B)<br>Le Camion, Lieu de cr\u00e9ation multi techniques.<br>7 Rue Archim\u00e8de, 59100 ROUBAIX (F)<br><a href=\"http:\/\/www.assolecamion.fr\">www.assolecamion.fr<\/a><\/li>\n\n\n\n<li><strong>Ath, (B), Exposition dans la galerie de la maternit\u00e9 de l\u2019h\u00f4pital EpiCURA<\/strong>, Du 17 mars 2021 \u00e0 la mi-Juin 2021, Galerie de la maternit\u00e9 des Dix lunes, CH EpiCURA Ath.<br>Exposition dans le respect des mesures sanitaires en cours dans l&rsquo;h\u00f4pital.<\/li>\n<\/ul>\n\n\n\n<h4 class=\"wp-block-heading\">2020<\/h4>\n\n\n\n<ul>\n<li><strong>Leuze en Hainaut, (B), \u00ab\u00a09 ans apr\u00e8s\u00a0\u00bb, Centre Dramatique du Hainaut Occidental (CDHO),<\/strong> le 30 Avril, exposition dans le th\u00e9\u00e2tre dans le cadre de Leuze-en-Folie. <br>Exposition annul\u00e9e suite \u00e0 la pand\u00e9mie du COVID-19.<\/li>\n<\/ul>\n\n\n\n<h4 class=\"wp-block-heading\">2019<\/h4>\n\n\n\n<ul>\n<li><strong>Tournai, (B), Exposition Acad\u00e9mie des Beaux-Arts<\/strong>, Cours du soir.&nbsp;du 08 au 09 juin. Exposition de fin d&rsquo;ann\u00e9es des travaux effectu\u00e9s le long de l&rsquo;ann\u00e9e acad\u00e9mique. <\/li>\n<\/ul>\n\n\n\n<h4 class=\"wp-block-heading\">2018<\/h4>\n\n\n\n<ul>\n<li><strong>Ath, (B), Biblioth\u00e8que Jean de La Fontaine, <\/strong>du 02 juin au 09 juillet. Exposition dans les locaux de la biblioth\u00e8que.<\/li>\n\n\n\n<li><strong>Tournai, (B), Exposition Acad\u00e9mie des Beaux-Arts<\/strong>, Cours du soir.&nbsp;du 02 au 03 juin.<br>Exposition de fin d&rsquo;ann\u00e9es des travaux effectu\u00e9s le long de l&rsquo;ann\u00e9e acad\u00e9mique.<\/li>\n<\/ul>\n\n\n\n<h4 class=\"wp-block-heading\">2017<\/h4>\n\n\n\n<ul>\n<li><strong>Tournai, (B), Exposition Acad\u00e9mie des Beaux-Arts<\/strong>, Cours du soir.&nbsp;du 27 au 28 mai.<br>Exposition de fin d&rsquo;ann\u00e9es des travaux effectu\u00e9s le long de l&rsquo;ann\u00e9e acad\u00e9mique.<\/li>\n\n\n\n<li><strong>Hollain, (B), Wallonie Week-end Bienvenue<\/strong>, Atelier Dominique Bourdet, du 23 au 24 septembre. Exposition d&rsquo;ensemble.<\/li>\n<\/ul>\n\n\n\n<h4 class=\"wp-block-heading\">2016<\/h4>\n\n\n\n<ul>\n<li><strong>Tournai, (B), Exposition Acad\u00e9mie des Beaux-Arts<\/strong>, Cours du soir.&nbsp;du 11 au 12 juin.<br>Exposition de fin d&rsquo;ann\u00e9es des travaux effectu\u00e9s le long de l&rsquo;ann\u00e9e acad\u00e9mique.<\/li>\n<\/ul>\n\n\n\n<h4 class=\"wp-block-heading\">2015<\/h4>\n\n\n\n<ul>\n<li><strong>Gallaix, (B), Eglise de Gallaix<\/strong>, Exposition collective des peintres de l&rsquo;entit\u00e9 de Leuze-en-Hainaut, les 28 et 29 Ao\u00fbt. Une organisation des Amis de Gallaix.<\/li>\n\n\n\n<li><strong>Leuze en Hainaut, (B), Wallonie Week-end Bienvenue<\/strong>, Atelier Jos\u00e9. du 27 au 28 juin. Une organisation de l&rsquo;office du tourisme de Leuze-en-Hainaut, exposition avec Marie-Louise Hergibo.<\/li>\n<\/ul>\n\n\n\n<h4 class=\"wp-block-heading\">2011<\/h4>\n\n\n\n<ul>\n<li><strong>Leuze en Hainaut, (B), Centre Dramatique du Hainaut Occidental (CDHO),<\/strong><br>le 30 Avril, exposition dans le th\u00e9\u00e2tre dans le cadre de Leuze-en-Folie. <\/li>\n\n\n\n<li><strong>Leuze en Hainaut, (B), Centre culturel et H\u00f4pital Saint Jean de Dieu<\/strong>, du 01 au 30 Avril. Une organisation du centre culturel de Leuze en Hainaut.<\/li>\n<\/ul>\n\n\n\n<h4 class=\"wp-block-heading\">2010<\/h4>\n\n\n\n<ul>\n<li><strong>Hornu, (B), MAC&rsquo;s,<\/strong> 27 Mars, Pr\u00e9s\u00e9lection du concours La Collection RTBF \/ De Canvascollectie.<\/li>\n<\/ul>\n\n\n\n<h4 class=\"wp-block-heading\">2007<\/h4>\n\n\n\n<ul>\n<li><strong>Tournai, (B), Centre commercial \u00ab\u00a0Les Bastions\u00a0\u00bb<\/strong>, du 20 Ao\u00fbt au 8 septembre, exposition collective \u00ab\u00a0Les artistes \u00e9patent la galerie\u00a0\u00bb.<\/li>\n\n\n\n<li> <strong>Tournai, (B), Centre commercial \u00ab\u00a0Les Bastions\u00a0\u00bb<\/strong>, du 27 avril au 12 mai, exposition collective \u00ab\u00a0Dites le avec des fleurs\u00a0\u00bb.<\/li>\n\n\n\n<li> <strong>Tournai, (B), Atelier Galerie d&rsquo;Art \u00ab\u00a0Cr\u00e9ation 29\u00a0\u00bb<\/strong>, du 20 au 27 Janvier, exposition chez et avec la peintre contemporaine Sarah Melloul.<\/li>\n<\/ul>\n\n\n\n<h4 class=\"wp-block-heading\">2006<\/h4>\n\n\n\n<ul>\n<li><strong>Leuze en Hainaut, (B), Salon de coiffure \u00ab\u00a0Au masculin\u00a0\u00bb<\/strong>, du 14 F\u00e9vrier au 30 Avril.<\/li>\n<\/ul>\n\n\n\n<h4 class=\"wp-block-heading\">2005<\/h4>\n\n\n\n<ul>\n<li><strong>Anvers &#8211; Antwerpen, (B), Concours Red Bull Creativity Contest,<\/strong> du 15 au 26 septembre. Antwerp Event Space, Rijnkaai 29.<\/li>\n\n\n\n<li><strong>Ecaussinnes, (B), Taverne \u00ab\u00a0Le vieux Moulin\u00a0\u00bb,<\/strong> du 05 Janvier du 16 Septembre 05<\/li>\n<\/ul>\n\n\n\n<h4 class=\"wp-block-heading\">2004<\/h4>\n\n\n\n<ul>\n<li><strong>Quevaucamps, (B), Centre culturel Jean Degouys<\/strong>, du 8 au 23 mai, 25eme salon d&rsquo;ensemble.<\/li>\n\n\n\n<li><strong>Leuze en Hainaut, (B), \u00ab\u00a0La Tirelite\u00a0\u00bb<\/strong>, du 11 au 20 d\u00e9cembre, exposition avec le dessinateur illustrateur Jos\u00e9.<\/li>\n<\/ul>\n\n\n\n<h4 class=\"wp-block-heading\">2003<\/h4>\n\n\n\n<ul>\n<li><strong>La Louvi\u00e8re, (B),<\/strong>&nbsp;<strong>Soci\u00e9t\u00e9 Dragone<\/strong>, Exposition priv\u00e9e dans les locaux de la soci\u00e9t\u00e9 Dragone, Avril.<\/li>\n\n\n\n<li><strong>Ecaussinnes, (B), \u00ab\u00a0Ecaussinnes, Cit\u00e9 d&rsquo;arts\u00a0\u00bb<\/strong>, 8eme \u00e9dition, Brasserie Ultra, 27 et 28 septembre.<\/li>\n\n\n\n<li><strong>Ghislenghien, (B), \u00ab\u00a0Le P&rsquo;tit der\u00a0\u00bb<\/strong>,&nbsp; du 26 Novembre au 14 Janvier 04.<\/li>\n<\/ul>\n\n\n\n<h4 class=\"wp-block-heading\">2002<\/h4>\n\n\n\n<ul>\n<li><strong>Tournai, (B), H\u00f4pital Rhms<\/strong>, 7 Juin, Inauguration de nouveaux b\u00e2timents.<\/li>\n\n\n\n<li> <strong>Ecaussinnes, (B), \u00ab\u00a0Ecaussinnes, Cit\u00e9 d&rsquo;arts\u00a0\u00bb<\/strong>, 7eme \u00e9dition, Brasserie Ultra, 28 et 29 septembre.<\/li>\n<\/ul>\n\n\n\n<h4 class=\"wp-block-heading\">2001<\/h4>\n\n\n\n<ul>\n<li><strong>Silly, (B), Maison communale<\/strong>, du 29 juin au 15 juillet, \u00ab\u00a0D\u00e9jeuner sur l&rsquo;herbe\u00a0\u00bb du groupe \u00ab\u00a0Reg&rsquo;Art\u00a0\u00bb.<\/li>\n\n\n\n<li><strong>Leuze en Hainaut, (B), H\u00f4tel de ville<\/strong>, du 20 au 28 octobre, salon d&rsquo;ensemble du groupe \u00ab\u00a0Reg&rsquo;Art\u00a0\u00bb.<\/li>\n<\/ul>\n\n\n\n<h4 class=\"wp-block-heading\">2000<\/h4>\n\n\n\n<ul>\n<li><strong>Quevaucamps, (B), Centre culturel Jean Degouys<\/strong>, du 6 au 21 mai, 21eme salon d&rsquo;ensemble.<\/li>\n\n\n\n<li> <strong>Renaix &#8211; Ronse, (B), \u00ab\u00a0Kunst uit eigen streek\u00a0\u00bb<\/strong>, salle C.O.C., du 22 au 25 septembre.<\/li>\n\n\n\n<li> <strong>Tournai, (B), H\u00f4pital Rhms<\/strong>, 25 septembre, Inauguration de nouveaux b\u00e2timents. <\/li>\n\n\n\n<li> <strong>Leuze en Hainaut, (B), Galerie \u00ab\u00a0Cyber Dream\u00a0\u00bb<\/strong>, Octobre 2000 \u00e0 Janvier 2001.<\/li>\n<\/ul>\n\n\n\n<h4 class=\"wp-block-heading\">1999<\/h4>\n\n\n\n<ul>\n<li><strong>Ath, (B), Maison Communale<\/strong>, du 19 au 29 mars, exposition avec les artistes Joseph Dignef et Georges Marie Croissieaux. 450 visiteurs.<\/li>\n\n\n\n<li><strong>Quevaucamps, (B), Centre culturel Jean Degouys<\/strong>, du 9 au 22 mai, 20eme salon d&rsquo;ensemble.<\/li>\n\n\n\n<li><strong>Blicquy, (B), Ferme d&rsquo;Anfroidont,<\/strong> du 28 mai au 27 juin, \u00a0\u00bb D\u00e9jeuner sur l&rsquo;herbe \u00a0\u00bb du groupe \u00ab\u00a0Reg&rsquo;Art\u00a0\u00bb.<\/li>\n\n\n\n<li><strong>Enghien, (B), Maison Jonathas,<\/strong> du 10 au 19 septembre, journ\u00e9es du patrimoine, salon d&rsquo;ensemble du groupe \u00ab\u00a0Reg&rsquo;Art\u00a0\u00bb. 300 Visiteurs.<\/li>\n\n\n\n<li><strong>Leuze en Hainaut, (B), H\u00f4tel de ville<\/strong>, du 15 au 24 octobre, salon d&rsquo;ensemble du groupe \u00ab\u00a0Reg&rsquo;Art\u00a0\u00bb.<\/li>\n<\/ul>\n\n\n\n<h4 class=\"wp-block-heading\">1998<\/h4>\n\n\n\n<ul>\n<li><strong>Quevaucamps, (B), Centre culturel Jean Degouys<\/strong>, du 11 au 26 mai, 19eme salon d&rsquo;ensemble.<\/li>\n\n\n\n<li><strong>Blicquy, (B), Ferme d&rsquo;Anfroidont, <\/strong>du 29 mai au 28 juin, \u00ab\u00a0D\u00e9jeuner sur l&rsquo;herbe\u00a0\u00bb du groupe \u00ab\u00a0Reg&rsquo;Art\u00a0\u00bb.<\/li>\n\n\n\n<li><strong>Blicquy, (B), Ferme d&rsquo;Anfroidont,<\/strong> du 7 au 30 ao\u00fbt, \u00ab\u00a0Aquarelle, Huile, Pastel\u00a0\u00bb dans le cadre des f\u00eates du 15 ao\u00fbt.<\/li>\n\n\n\n<li><strong>Leuze en Hainaut, (B), H\u00f4tel de ville<\/strong>, du 16 au 25 octobre, salon d&rsquo;ensemble du groupe \u00ab\u00a0Reg&rsquo;Art\u00a0\u00bb.<\/li>\n<\/ul>\n\n\n\n<h4 class=\"wp-block-heading\">1997<\/h4>\n\n\n\n<ul>\n<li><strong>Leuze en Hainaut, (B), Atelier Imagin&rsquo;Art<\/strong>, du 29 mars au 11 avril, exposition des \u0153uvres de l&rsquo;atelier.<\/li>\n\n\n\n<li><strong>Nivelles, (B), Waux-Hall,<\/strong> du 3 au 11 mai, exposition de groupe organis\u00e9 par l&rsquo;Atelier Lumen d&rsquo;Ellezelles.<\/li>\n\n\n\n<li><strong>Quevaucamps, (B), Centre culturel Jean Degouys<\/strong>, du 11 au 25 mai, 18eme salon d&rsquo;ensemble.<\/li>\n\n\n\n<li><strong>Blicquy, (B), Ferme d&rsquo;Anfroidont<\/strong>, du 31 mai au 29 juin, \u00ab\u00a0D\u00e9jeuner sur l&rsquo;herbe\u00a0\u00bb du groupe \u00ab\u00a0Reg&rsquo;Art\u00a0\u00bb.<\/li>\n\n\n\n<li><strong>Leuze en Hainaut, (B), H\u00f4tel de ville<\/strong>, du 17 au 26 octobre, salon d&rsquo;ensemble du groupe \u00ab\u00a0Reg&rsquo;Art\u00a0\u00bb. 1271 Visiteurs.<\/li>\n<\/ul>\n\n\n\n<h4 class=\"wp-block-heading\">1996<\/h4>\n\n\n\n<ul>\n<li><strong>Quevaucamps, (B), Centre culturel Jean Degouys<\/strong>, du 11 au 26 mai, 17eme salon d&rsquo;ensemble.<\/li>\n\n\n\n<li><strong>Toupes, (B), Brasserie Dupont<\/strong>, du 6 au 8 septembre, journ\u00e9es du patrimoine, \u00ab\u00a0D\u00e9jeuner sur l&rsquo;herbe\u00a0\u00bb du groupe \u00ab\u00a0Reg&rsquo;Art\u00a0\u00bb.<\/li>\n\n\n\n<li><strong>Leuze en Hainaut, (B), H\u00f4tel de ville<\/strong>, du 17 au 26 octobre, salon d&rsquo;ensemble du groupe \u00ab\u00a0Reg&rsquo;Art\u00a0\u00bb. 958 Visiteurs.<\/li>\n<\/ul>\n\n\n\n<h4 class=\"wp-block-heading\">1995<\/h4>\n\n\n\n<ul>\n<li><strong>Enghien, (B), Ecuries du Parc du Ch\u00e2teau<\/strong>, du 14 au 23 avril, exposition collective de l&rsquo;Association des artistes et artisans de la ville d&rsquo;Enghien et du groupe \u00ab\u00a0Reg&rsquo;Art\u00a0\u00bb.<\/li>\n\n\n\n<li><strong>Tournai, (B), Galerie de l&rsquo;H\u00f4pital Notre Dame<\/strong>, tout le mois de juin, exposition projet Bernard Ossowski.<\/li>\n\n\n\n<li><strong>Pipaix, (B), Brasserie \u00e0 Vapeur<\/strong>, du 9 au 10 septembre, journ\u00e9es du patrimoine, \u00ab\u00a0D\u00e9jeuner sur l&rsquo;herbe\u00a0\u00bb du groupe \u00ab\u00a0Reg&rsquo;Art\u00a0\u00bb.<\/li>\n\n\n\n<li><strong>Leuze en Hainaut, (B), H\u00f4tel de ville<\/strong>, du 20 au 29 octobre, salon d&rsquo;ensemble du groupe \u00ab\u00a0Reg&rsquo;Art\u00a0\u00bb. 1122 Visiteurs.<\/li>\n<\/ul>\n\n\n\n<h4 class=\"wp-block-heading\">1994<\/h4>\n\n\n\n<ul>\n<li><strong>Wez-Velvain, (B), Maison de la Scribande<\/strong>, du 11 au 15 mai, \u00e9change culturel des membres de \u00ab\u00a0Reg&rsquo;Art\u00a0\u00bb et de l&rsquo;atelier de co\u00e9criture \u00ab\u00a0La Scribande\u00a0\u00bb<\/li>\n\n\n\n<li><strong>Pipaix, (B), Brasserie \u00e0 Vapeur,<\/strong> du 2 au 11 septembre, \u00ab\u00a0D\u00e9jeuner sur l&rsquo;herbe\u00a0\u00bb du groupe \u00ab\u00a0Reg&rsquo;Art\u00a0\u00bb.<\/li>\n\n\n\n<li><strong>Leuze en Hainaut, (B), H\u00f4tel de ville<\/strong>, du 21 au 30 octobre, salon d&rsquo;ensemble du groupe \u00ab\u00a0Reg&rsquo;Art\u00a0\u00bb. 1023 Visiteurs.<\/li>\n\n\n\n<li><strong>Leuze en Hainaut, (B), \u00ab\u00a0Reg&rsquo;Art en vitrine\u00a0\u00bb<\/strong>, Grand rue, du 11 novembre au 11 d\u00e9cembre, expo chez les commer\u00e7ants.<\/li>\n<\/ul>\n\n\n\n<h2 class=\"wp-block-heading\">Prix<\/h2>\n\n\n\n<ul>\n<li>1er Prix au concours \u00ab\u00a0Affiche pour la consultation de Tabacologie\u00a0\u00bb, Baudour, (B), H\u00f4pital Rhms, Janvier 2006. Avec l&rsquo;image num\u00e9rique \u00ab\u00a0Maintenant, j&rsquo;arr\u00eate !\u00a0\u00bb. <\/li>\n\n\n\n<li> 1er Prix au concours \u00ab\u00a0D\u00e9crochez la Lune\u00a0\u00bb, Ecaussinnes, (B), \u00ab\u00a0Ecaussinnes, Cit\u00e9 d&rsquo;arts\u00a0\u00bb, 7eme \u00e9dition,  28 et 29 septembre 2002. Th\u00e8me de la flamme. Avec la toile \u00ab\u00a0Pourtant\u00a0\u00bb. <\/li>\n\n\n\n<li>Prix de la peinture abstraite, Quevaucamps, (B), Centre culturel Jean Degouys, 19eme salon d&rsquo;ensemble, 1998. Organisation du foyer culturel de Beloeil. Avec les toiles \u00ab\u00a0Avec le temps\u00a0\u00bb, \u00ab\u00a0Pourtant\u00a0\u00bb,  \u00ab\u00a0Tornade\u00a0\u00bb. <\/li>\n\n\n\n<li>Prix du jeune public, Quevaucamps, (B), Centre culturel Jean Degouys, 17eme salon d&rsquo;ensemble, 1996. Organisation du foyer culturel de Beloeil. Avec la toile \u00ab\u00a0Ecoute\u00a0\u00bb.<\/li>\n<\/ul>\n","protected":false},"excerpt":{"rendered":"<p>Expositions 2023 2021 2020 2019 2018 2017 2016 2015 2011 2010 2007 2006 2005 2004&#8230;<\/p>\n<div class=\"more-link-wrapper\"><a class=\"more-link\" href=\"http:\/\/eric-huchon.be\/index.php\/cv\/\">Read the post<span class=\"screen-reader-text\">CV<\/span><\/a><\/div>\n","protected":false},"author":1,"featured_media":0,"parent":0,"menu_order":80,"comment_status":"closed","ping_status":"closed","template":"","meta":{"footnotes":""},"_links":{"self":[{"href":"http:\/\/eric-huchon.be\/index.php\/wp-json\/wp\/v2\/pages\/51"}],"collection":[{"href":"http:\/\/eric-huchon.be\/index.php\/wp-json\/wp\/v2\/pages"}],"about":[{"href":"http:\/\/eric-huchon.be\/index.php\/wp-json\/wp\/v2\/types\/page"}],"author":[{"embeddable":true,"href":"http:\/\/eric-huchon.be\/index.php\/wp-json\/wp\/v2\/users\/1"}],"replies":[{"embeddable":true,"href":"http:\/\/eric-huchon.be\/index.php\/wp-json\/wp\/v2\/comments?post=51"}],"version-history":[{"count":35,"href":"http:\/\/eric-huchon.be\/index.php\/wp-json\/wp\/v2\/pages\/51\/revisions"}],"predecessor-version":[{"id":403,"href":"http:\/\/eric-huchon.be\/index.php\/wp-json\/wp\/v2\/pages\/51\/revisions\/403"}],"wp:attachment":[{"href":"http:\/\/eric-huchon.be\/index.php\/wp-json\/wp\/v2\/media?parent=51"}],"curies":[{"name":"wp","href":"https:\/\/api.w.org\/{rel}","templated":true}]}}